{"id":438,"date":"2024-06-16T16:50:35","date_gmt":"2024-06-16T16:50:35","guid":{"rendered":"https:\/\/dev.sam-int.donbran.co\/?page_id=438"},"modified":"2024-06-26T07:54:07","modified_gmt":"2024-06-26T07:54:07","slug":"headhunting","status":"publish","type":"page","link":"https:\/\/dev.sam-int.donbran.co\/wp\/palvelut\/headhunting\/","title":{"rendered":"Headhunting"},"content":{"rendered":"","protected":false},"excerpt":{"rendered":"","protected":false},"author":3,"featured_media":0,"parent":213,"menu_order":0,"comment_status":"closed","ping_status":"closed","template":"template-custom.blade.php","meta":{"footnotes":""},"acf":[],"yoast_head":"<!-- This site is optimized with the Yoast SEO plugin v22.8 - https:\/\/yoast.com\/wordpress\/plugins\/seo\/ -->\n<title>Headhunting | SAM Headhunting Oy<\/title>\n<meta name=\"description\" content=\"Headhunting-palvelumme auttavat organisaatioita l\u00f6yt\u00e4m\u00e4\u00e4n ja houkuttelemaan parhaita mahdollisia johtajia ja avainhenkil\u00f6it\u00e4. Tutustu!\" \/>\n<meta name=\"robots\" content=\"noindex, follow, max-snippet:-1, max-image-preview:large, max-video-preview:-1\" \/>\n<meta property=\"og:locale\" content=\"en_US\" \/>\n<meta property=\"og:type\" content=\"article\" \/>\n<meta property=\"og:title\" content=\"Headhunting | SAM Headhunting Oy\" \/>\n<meta property=\"og:description\" content=\"Headhunting-palvelumme auttavat organisaatioita l\u00f6yt\u00e4m\u00e4\u00e4n ja houkuttelemaan parhaita mahdollisia johtajia ja avainhenkil\u00f6it\u00e4. Tutustu!\" \/>\n<meta property=\"og:url\" content=\"https:\/\/dev.sam-int.donbran.co\/wp\/palvelut\/headhunting\/\" \/>\n<meta property=\"og:site_name\" content=\"SAM\" \/>\n<meta property=\"article:modified_time\" content=\"2024-06-26T07:54:07+00:00\" \/>\n<meta name=\"twitter:card\" content=\"summary_large_image\" \/>\n<script type=\"application\/ld+json\" class=\"yoast-schema-graph\">{\"@context\":\"https:\/\/schema.org\",\"@graph\":[{\"@type\":\"WebPage\",\"@id\":\"https:\/\/dev.sam-int.donbran.co\/wp\/palvelut\/headhunting\/\",\"url\":\"https:\/\/dev.sam-int.donbran.co\/wp\/palvelut\/headhunting\/\",\"name\":\"Headhunting | SAM Headhunting Oy\",\"isPartOf\":{\"@id\":\"https:\/\/dev.sam-int.donbran.co\/wp\/#website\"},\"datePublished\":\"2024-06-16T16:50:35+00:00\",\"dateModified\":\"2024-06-26T07:54:07+00:00\",\"description\":\"Headhunting-palvelumme auttavat organisaatioita l\u00f6yt\u00e4m\u00e4\u00e4n ja houkuttelemaan parhaita mahdollisia johtajia ja avainhenkil\u00f6it\u00e4. Tutustu!\",\"breadcrumb\":{\"@id\":\"https:\/\/dev.sam-int.donbran.co\/wp\/palvelut\/headhunting\/#breadcrumb\"},\"inLanguage\":\"en-US\",\"potentialAction\":[{\"@type\":\"ReadAction\",\"target\":[\"https:\/\/dev.sam-int.donbran.co\/wp\/palvelut\/headhunting\/\"]}]},{\"@type\":\"BreadcrumbList\",\"@id\":\"https:\/\/dev.sam-int.donbran.co\/wp\/palvelut\/headhunting\/#breadcrumb\",\"itemListElement\":[{\"@type\":\"ListItem\",\"position\":1,\"name\":\"Home\",\"item\":\"https:\/\/dev.sam-int.donbran.co\/wp\/\"},{\"@type\":\"ListItem\",\"position\":2,\"name\":\"Palvelumme\",\"item\":\"https:\/\/dev.sam-int.donbran.co\/wp\/palvelut\/\"},{\"@type\":\"ListItem\",\"position\":3,\"name\":\"Headhunting\"}]},{\"@type\":\"WebSite\",\"@id\":\"https:\/\/dev.sam-int.donbran.co\/wp\/#website\",\"url\":\"https:\/\/dev.sam-int.donbran.co\/wp\/\",\"name\":\"SAM\",\"description\":\"\",\"potentialAction\":[{\"@type\":\"SearchAction\",\"target\":{\"@type\":\"EntryPoint\",\"urlTemplate\":\"https:\/\/dev.sam-int.donbran.co\/wp\/?s={search_term_string}\"},\"query-input\":\"required name=search_term_string\"}],\"inLanguage\":\"en-US\"}]}<\/script>\n<!-- \/ Yoast SEO plugin. -->","yoast_head_json":{"title":"Headhunting | SAM Headhunting Oy","description":"Headhunting-palvelumme auttavat organisaatioita l\u00f6yt\u00e4m\u00e4\u00e4n ja houkuttelemaan parhaita mahdollisia johtajia ja avainhenkil\u00f6it\u00e4. Tutustu!","robots":{"index":"noindex","follow":"follow","max-snippet":"max-snippet:-1","max-image-preview":"max-image-preview:large","max-video-preview":"max-video-preview:-1"},"og_locale":"en_US","og_type":"article","og_title":"Headhunting | SAM Headhunting Oy","og_description":"Headhunting-palvelumme auttavat organisaatioita l\u00f6yt\u00e4m\u00e4\u00e4n ja houkuttelemaan parhaita mahdollisia johtajia ja avainhenkil\u00f6it\u00e4. Tutustu!","og_url":"https:\/\/dev.sam-int.donbran.co\/wp\/palvelut\/headhunting\/","og_site_name":"SAM","article_modified_time":"2024-06-26T07:54:07+00:00","twitter_card":"summary_large_image","schema":{"@context":"https:\/\/schema.org","@graph":[{"@type":"WebPage","@id":"https:\/\/dev.sam-int.donbran.co\/wp\/palvelut\/headhunting\/","url":"https:\/\/dev.sam-int.donbran.co\/wp\/palvelut\/headhunting\/","name":"Headhunting | SAM Headhunting Oy","isPartOf":{"@id":"https:\/\/dev.sam-int.donbran.co\/wp\/#website"},"datePublished":"2024-06-16T16:50:35+00:00","dateModified":"2024-06-26T07:54:07+00:00","description":"Headhunting-palvelumme auttavat organisaatioita l\u00f6yt\u00e4m\u00e4\u00e4n ja houkuttelemaan parhaita mahdollisia johtajia ja avainhenkil\u00f6it\u00e4. Tutustu!","breadcrumb":{"@id":"https:\/\/dev.sam-int.donbran.co\/wp\/palvelut\/headhunting\/#breadcrumb"},"inLanguage":"en-US","potentialAction":[{"@type":"ReadAction","target":["https:\/\/dev.sam-int.donbran.co\/wp\/palvelut\/headhunting\/"]}]},{"@type":"BreadcrumbList","@id":"https:\/\/dev.sam-int.donbran.co\/wp\/palvelut\/headhunting\/#breadcrumb","itemListElement":[{"@type":"ListItem","position":1,"name":"Home","item":"https:\/\/dev.sam-int.donbran.co\/wp\/"},{"@type":"ListItem","position":2,"name":"Palvelumme","item":"https:\/\/dev.sam-int.donbran.co\/wp\/palvelut\/"},{"@type":"ListItem","position":3,"name":"Headhunting"}]},{"@type":"WebSite","@id":"https:\/\/dev.sam-int.donbran.co\/wp\/#website","url":"https:\/\/dev.sam-int.donbran.co\/wp\/","name":"SAM","description":"","potentialAction":[{"@type":"SearchAction","target":{"@type":"EntryPoint","urlTemplate":"https:\/\/dev.sam-int.donbran.co\/wp\/?s={search_term_string}"},"query-input":"required name=search_term_string"}],"inLanguage":"en-US"}]}},"_links":{"self":[{"href":"https:\/\/dev.sam-int.donbran.co\/wp\/wp-json\/wp\/v2\/pages\/438"}],"collection":[{"href":"https:\/\/dev.sam-int.donbran.co\/wp\/wp-json\/wp\/v2\/pages"}],"about":[{"href":"https:\/\/dev.sam-int.donbran.co\/wp\/wp-json\/wp\/v2\/types\/page"}],"author":[{"embeddable":true,"href":"https:\/\/dev.sam-int.donbran.co\/wp\/wp-json\/wp\/v2\/users\/3"}],"replies":[{"embeddable":true,"href":"https:\/\/dev.sam-int.donbran.co\/wp\/wp-json\/wp\/v2\/comments?post=438"}],"version-history":[{"count":9,"href":"https:\/\/dev.sam-int.donbran.co\/wp\/wp-json\/wp\/v2\/pages\/438\/revisions"}],"predecessor-version":[{"id":800,"href":"https:\/\/dev.sam-int.donbran.co\/wp\/wp-json\/wp\/v2\/pages\/438\/revisions\/800"}],"up":[{"embeddable":true,"href":"https:\/\/dev.sam-int.donbran.co\/wp\/wp-json\/wp\/v2\/pages\/213"}],"wp:attachment":[{"href":"https:\/\/dev.sam-int.donbran.co\/wp\/wp-json\/wp\/v2\/media?parent=438"}],"curies":[{"name":"wp","href":"https:\/\/api.w.org\/{rel}","templated":true}]}}